{"id":14679,"date":"2026-03-19T11:14:26","date_gmt":"2026-03-19T11:14:26","guid":{"rendered":"https:\/\/sloncek.net\/?post_type=product&#038;p=14679"},"modified":"2026-03-20T10:10:40","modified_gmt":"2026-03-20T10:10:40","slug":"apulija-v-maju","status":"publish","type":"product","link":"https:\/\/sloncek.net\/it\/prodotto\/apulija-v-maju\/","title":{"rendered":"Apulija v maju"},"content":{"rendered":"<p><span style=\"font-weight: 400;\">Apulija je son\u010dna in pristna italijanska pokrajina na jugu dr\u017eave, kjer se stikajo <\/span><b>turkizno morje, stoletni olj\u010dniki in brez\u010dasne kamnite vasi.<\/b><span style=\"font-weight: 400;\"> De\u017eela tradicije, po\u010dasnega ritma in iskrene gostoljubnosti vabi k odkrivanju svoje edinstvene kulture, izvrstne kulinarike in \u010darobnih pokrajin. <\/span><b>Razi\u0161\u010dite zgodbe Apulije<\/b><span style=\"font-weight: 400;\"> \u2013 vsaka vas, vsak trullo in vsak nasmeh doma\u010dinov nosi svojo zgodbo. Ta \u010dudovit del Italije ima z nami veliko za deliti, zato nas vabi, da ga do\u017eivimo z vsemi \u010duti.<\/span><\/p>\n<p>Potovalni vrhunci:<\/p>\n<ul>\n<li>Castel del Monte \u2013 skrivnostni grad cesarja Friderika II.<\/li>\n<li>Matera \u2013 spektakularno mesto v skali (UNESCO)<\/li>\n<li>Alberobello \u2013 pravlji\u010dna vasica trullijev (UNESCO<\/li>\n<li>Lecce \u2013 baro\u010dni biser juga Italije<\/li>\n<li>Ostuni \u2013 o\u010darljivo belo mesto<\/li>\n<li>Polignano a Mare \u2013 mesto na pe\u010dinah nad morjem<\/li>\n<li>Monopoli in Brindisi \u2013 pristna obmorska mesta<\/li>\n<li>Bari \u2013 srce Apulije in ulica orecchiette<\/li>\n<\/ul>\n","protected":false},"excerpt":{"rendered":"<p>Apulija je raj za ljubitelje preproste, a vrhunske kulinarike.<\/p>\n","protected":false},"featured_media":14680,"comment_status":"open","ping_status":"closed","template":"","meta":[],"product_brand":[],"product_cat":[78,77],"product_tag":[],"class_list":{"0":"post-14679","1":"product","2":"type-product","3":"status-publish","4":"has-post-thumbnail","6":"product_cat-izleti-potovanja","7":"product_cat-slonckova-ponudba","9":"first","10":"instock","11":"featured","12":"shipping-taxable","13":"purchasable","14":"product-type-ovabrw_car_rental"},"aioseo_notices":[],"_links":{"self":[{"href":"https:\/\/sloncek.net\/it\/wp-json\/wp\/v2\/product\/14679","targetHints":{"allow":["GET"]}}],"collection":[{"href":"https:\/\/sloncek.net\/it\/wp-json\/wp\/v2\/product"}],"about":[{"href":"https:\/\/sloncek.net\/it\/wp-json\/wp\/v2\/types\/product"}],"replies":[{"embeddable":true,"href":"https:\/\/sloncek.net\/it\/wp-json\/wp\/v2\/comments?post=14679"}],"version-history":[{"count":3,"href":"https:\/\/sloncek.net\/it\/wp-json\/wp\/v2\/product\/14679\/revisions"}],"predecessor-version":[{"id":14712,"href":"https:\/\/sloncek.net\/it\/wp-json\/wp\/v2\/product\/14679\/revisions\/14712"}],"wp:featuredmedia":[{"embeddable":true,"href":"https:\/\/sloncek.net\/it\/wp-json\/wp\/v2\/media\/14680"}],"wp:attachment":[{"href":"https:\/\/sloncek.net\/it\/wp-json\/wp\/v2\/media?parent=14679"}],"wp:term":[{"taxonomy":"product_brand","embeddable":true,"href":"https:\/\/sloncek.net\/it\/wp-json\/wp\/v2\/product_brand?post=14679"},{"taxonomy":"product_cat","embeddable":true,"href":"https:\/\/sloncek.net\/it\/wp-json\/wp\/v2\/product_cat?post=14679"},{"taxonomy":"product_tag","embeddable":true,"href":"https:\/\/sloncek.net\/it\/wp-json\/wp\/v2\/product_tag?post=14679"}],"curies":[{"name":"wp","href":"https:\/\/api.w.org\/{rel}","templated":true}]}}